{"id":362,"date":"2021-10-12T19:56:40","date_gmt":"2021-10-12T19:56:40","guid":{"rendered":"https:\/\/evolvework.de\/?page_id=362"},"modified":"2025-07-19T23:27:33","modified_gmt":"2025-07-19T23:27:33","slug":"mindful-health-work-bewerbung","status":"publish","type":"page","link":"https:\/\/evolvework.de\/?page_id=362","title":{"rendered":"Online Bewerbung"},"content":{"rendered":"\t\t<div data-elementor-type=\"wp-page\" data-elementor-id=\"362\" class=\"elementor elementor-362\">\n\t\t\t\t\t\t\t\t\t<section class=\"elementor-section elementor-top-section elementor-element elementor-element-1f8607b elementor-section-full_width elementor-section-height-min-height elementor-section-height-default elementor-section-items-middle\" data-id=\"1f8607b\" data-element_type=\"section\" data-settings=\"{&quot;background_background&quot;:&quot;classic&quot;}\">\n\t\t\t\t\t\t\t<div class=\"elementor-background-overlay\"><\/div>\n\t\t\t\t\t\t\t<div class=\"elementor-container elementor-column-gap-default\">\n\t\t\t\t\t<div class=\"elementor-column elementor-col-100 elementor-top-column elementor-element elementor-element-75dc981\" data-id=\"75dc981\" data-element_type=\"column\">\n\t\t\t<div class=\"elementor-widget-wrap elementor-element-populated\">\n\t\t\t\t\t\t\t\t<div class=\"elementor-element elementor-element-00b7871 elementor-widget elementor-widget-heading\" data-id=\"00b7871\" data-element_type=\"widget\" data-widget_type=\"heading.default\">\n\t\t\t\t<div class=\"elementor-widget-container\">\n\t\t\t<h2 class=\"elementor-heading-title elementor-size-default\">Online Bewerbung <\/h2>\t\t<\/div>\n\t\t\t\t<\/div>\n\t\t\t\t\t<\/div>\n\t\t<\/div>\n\t\t\t\t\t\t\t<\/div>\n\t\t<\/section>\n\t\t\t\t<section class=\"elementor-section elementor-top-section elementor-element elementor-element-cdf6272 elementor-section-full_width elementor-section-height-default elementor-section-height-default\" data-id=\"cdf6272\" data-element_type=\"section\">\n\t\t\t\t\t\t<div class=\"elementor-container elementor-column-gap-default\">\n\t\t\t\t\t<div class=\"elementor-column elementor-col-100 elementor-top-column elementor-element elementor-element-7f99aec\" data-id=\"7f99aec\" data-element_type=\"column\">\n\t\t\t<div class=\"elementor-widget-wrap elementor-element-populated\">\n\t\t\t\t\t\t\t\t<div class=\"elementor-element elementor-element-f8d178d elementor-widget elementor-widget-heading\" data-id=\"f8d178d\" data-element_type=\"widget\" data-widget_type=\"heading.default\">\n\t\t\t\t<div class=\"elementor-widget-container\">\n\t\t\t<h2 class=\"elementor-heading-title elementor-size-default\">Auf der Suche?<\/h2>\t\t<\/div>\n\t\t\t\t<\/div>\n\t\t\t\t<section class=\"elementor-section elementor-inner-section elementor-element elementor-element-0610296 elementor-section-full_width elementor-section-height-default elementor-section-height-default\" data-id=\"0610296\" data-element_type=\"section\">\n\t\t\t\t\t\t<div class=\"elementor-container elementor-column-gap-default\">\n\t\t\t\t\t<div class=\"elementor-column elementor-col-50 elementor-inner-column elementor-element elementor-element-7b89ee0\" data-id=\"7b89ee0\" data-element_type=\"column\">\n\t\t\t<div class=\"elementor-widget-wrap elementor-element-populated\">\n\t\t\t\t\t\t\t\t<div class=\"elementor-element elementor-element-088ff11 elementor-widget elementor-widget-text-editor\" data-id=\"088ff11\" data-element_type=\"widget\" data-widget_type=\"text-editor.default\">\n\t\t\t\t<div class=\"elementor-widget-container\">\n\t\t\t\t\t\t\t<p class=\"p2\">Ob Student, Berufsanf\u00e4nger, erfahrene Fach- und F\u00fchrungskraft oder Wiedereinsteiger: In unserer Stellenb\u00f6rse finden Sie Jobs in allen Branchen und Qualifikationsstufen. Au\u00dferdem helfen wir Ihnen auch pers\u00f6nlich bei der Suche, denn als achtsame Personaldienstleister ist es uns wichtig, dass Unternehmen und Mitarbeitende zusammenpassen. Sprechen Sie mit uns \u00fcber Ihre Bed\u00fcrfnisse. Denn Sie entscheiden selbst, ob Sie sich online durch die Stellenangebote klicken oder sich pers\u00f6nlich beraten lassen.<\/p><p class=\"p3\">\u00a0<\/p>\t\t\t\t\t\t<\/div>\n\t\t\t\t<\/div>\n\t\t\t\t\t<\/div>\n\t\t<\/div>\n\t\t\t\t<div class=\"elementor-column elementor-col-50 elementor-inner-column elementor-element elementor-element-fa7c070\" data-id=\"fa7c070\" data-element_type=\"column\" data-settings=\"{&quot;background_background&quot;:&quot;classic&quot;}\">\n\t\t\t<div class=\"elementor-widget-wrap\">\n\t\t\t\t\t<div class=\"elementor-background-overlay\"><\/div>\n\t\t\t\t\t\t\t\t\t<\/div>\n\t\t<\/div>\n\t\t\t\t\t\t\t<\/div>\n\t\t<\/section>\n\t\t\t\t<div class=\"elementor-element elementor-element-42b401d elementor-widget elementor-widget-heading\" data-id=\"42b401d\" data-element_type=\"widget\" data-widget_type=\"heading.default\">\n\t\t\t\t<div class=\"elementor-widget-container\">\n\t\t\t<h4 class=\"elementor-heading-title elementor-size-default\">Mindful Health Mindset<\/h4>\t\t<\/div>\n\t\t\t\t<\/div>\n\t\t\t\t<div class=\"elementor-element elementor-element-2bbcfb3 elementor-widget elementor-widget-text-editor\" data-id=\"2bbcfb3\" data-element_type=\"widget\" data-widget_type=\"text-editor.default\">\n\t\t\t\t<div class=\"elementor-widget-container\">\n\t\t\t\t\t\t\t<p>Egal in welcher Form wir zusammenkommen, unser Herzensanliegen ist ein Mindful Health Mindset:<\/p><p><em>Daher erhalten Sie von uns ein Onboarding Training in Mindful Leadership, damit Sie mit einem gest\u00e4rkten Mindset in Ihre neue Zukunft starten k\u00f6nnen.\u00a0<\/em><\/p><p>\u00a0<\/p><p class=\"p2\">Unsere Mindful Leadership Trainer:innen unterst\u00fctzen Sie einen besseren Zugang zu ihrer inneren St\u00e4rke zu finden, fokussiert und effizient zu arbeiten, Empathie und Sozialkompetenz, wie kreatives und innovatives Denken zu steigern und Stresssituationen mit Resilienz zu begegnen.<\/p><p>\u00a0<\/p><p class=\"p3\"><strong>Haben wir Ihre Motivation geweckt? Z\u00f6gern Sie nicht, Ihren Lebenslauf und 7 Motivationss\u00e4tze hier hochzuladen!<\/strong><\/p><p class=\"p3\">\u00a0<\/p>\t\t\t\t\t\t<\/div>\n\t\t\t\t<\/div>\n\t\t\t\t\t<\/div>\n\t\t<\/div>\n\t\t\t\t\t\t\t<\/div>\n\t\t<\/section>\n\t\t\t\t<section class=\"elementor-section elementor-top-section elementor-element elementor-element-bdd524d elementor-section-full_width elementor-section-height-default elementor-section-height-default\" data-id=\"bdd524d\" data-element_type=\"section\" data-settings=\"{&quot;background_background&quot;:&quot;classic&quot;}\">\n\t\t\t\t\t\t\t<div class=\"elementor-background-overlay\"><\/div>\n\t\t\t\t\t\t\t<div class=\"elementor-container elementor-column-gap-default\">\n\t\t\t\t\t<div class=\"elementor-column elementor-col-100 elementor-top-column elementor-element elementor-element-d619991\" data-id=\"d619991\" data-element_type=\"column\">\n\t\t\t<div class=\"elementor-widget-wrap elementor-element-populated\">\n\t\t\t\t\t\t\t\t<div class=\"elementor-element elementor-element-3af030a elementor-button-align-stretch elementor-widget elementor-widget-form\" data-id=\"3af030a\" data-element_type=\"widget\" data-settings=\"{&quot;step_next_label&quot;:&quot;Next&quot;,&quot;step_previous_label&quot;:&quot;Previous&quot;,&quot;button_width&quot;:&quot;100&quot;,&quot;step_type&quot;:&quot;number_text&quot;,&quot;step_icon_shape&quot;:&quot;circle&quot;}\" data-widget_type=\"form.default\">\n\t\t\t\t<div class=\"elementor-widget-container\">\n\t\t\t\t\t<form class=\"elementor-form\" method=\"post\" name=\"New Form\">\n\t\t\t<input type=\"hidden\" name=\"post_id\" value=\"362\"\/>\n\t\t\t<input type=\"hidden\" name=\"form_id\" value=\"3af030a\"\/>\n\t\t\t<input type=\"hidden\" name=\"referer_title\" value=\"Evolve Work\" \/>\n\n\t\t\t\n\t\t\t<div class=\"elementor-form-fields-wrapper elementor-labels-above\">\n\t\t\t\t\t\t\t\t<div class=\"elementor-field-type-text elementor-field-group elementor-column elementor-field-group-name elementor-col-100\">\n\t\t\t\t\t<label for=\"form-field-name\" class=\"elementor-field-label\">Vorname<\/label><input size=\"1\" type=\"text\" name=\"form_fields[name]\" id=\"form-field-name\" class=\"elementor-field elementor-size-md  elementor-field-textual\" placeholder=\"Vorname\">\t\t\t\t<\/div>\n\t\t\t\t\t\t\t\t<div class=\"elementor-field-type-text elementor-field-group elementor-column elementor-field-group-field_0dfa8f0 elementor-col-100\">\n\t\t\t\t\t<label for=\"form-field-field_0dfa8f0\" class=\"elementor-field-label\">Nachname<\/label><input size=\"1\" type=\"text\" name=\"form_fields[field_0dfa8f0]\" id=\"form-field-field_0dfa8f0\" class=\"elementor-field elementor-size-md  elementor-field-textual\" placeholder=\"Nachname\">\t\t\t\t<\/div>\n\t\t\t\t\t\t\t\t<div class=\"elementor-field-type-email elementor-field-group elementor-column elementor-field-group-email elementor-col-100 elementor-field-required\">\n\t\t\t\t\t<label for=\"form-field-email\" class=\"elementor-field-label\">Email<\/label><input size=\"1\" type=\"email\" name=\"form_fields[email]\" id=\"form-field-email\" class=\"elementor-field elementor-size-md  elementor-field-textual\" placeholder=\"Email\" required=\"required\" aria-required=\"true\">\t\t\t\t<\/div>\n\t\t\t\t\t\t\t\t<div class=\"elementor-field-type-tel elementor-field-group elementor-column elementor-field-group-field_69ca64c elementor-col-100 elementor-field-required\">\n\t\t\t\t\t<label for=\"form-field-field_69ca64c\" class=\"elementor-field-label\">Telefonnummer <\/label><input size=\"1\" type=\"tel\" name=\"form_fields[field_69ca64c]\" id=\"form-field-field_69ca64c\" class=\"elementor-field elementor-size-md  elementor-field-textual\" placeholder=\"Telefonnummer\" required=\"required\" aria-required=\"true\" pattern=\"[0-9()#&amp;+*-=.]+\" title=\"Only numbers and phone characters (#, -, *, etc) are accepted.\">\t\t\t\t<\/div>\n\t\t\t\t\t\t\t\t<div class=\"elementor-field-type-text elementor-field-group elementor-column elementor-field-group-field_f853293 elementor-col-100\">\n\t\t\t\t\t<label for=\"form-field-field_f853293\" class=\"elementor-field-label\">Position um die Sie sich bewerben m\u00f6chten<\/label><input size=\"1\" type=\"text\" name=\"form_fields[field_f853293]\" id=\"form-field-field_f853293\" class=\"elementor-field elementor-size-md  elementor-field-textual\" placeholder=\"Position\">\t\t\t\t<\/div>\n\t\t\t\t\t\t\t\t<div class=\"elementor-field-type-textarea elementor-field-group elementor-column elementor-field-group-message elementor-col-100\">\n\t\t\t\t\t<label for=\"form-field-message\" class=\"elementor-field-label\">Ihre Nachricht an uns<\/label><textarea class=\"elementor-field-textual elementor-field  elementor-size-md\" name=\"form_fields[message]\" id=\"form-field-message\" rows=\"4\" placeholder=\"Nachricht\"><\/textarea>\t\t\t\t<\/div>\n\t\t\t\t\t\t\t\t<div class=\"elementor-field-type-upload elementor-field-group elementor-column elementor-field-group-field_360a334 elementor-col-100 elementor-field-required\">\n\t\t\t\t\t<label for=\"form-field-field_360a334\" class=\"elementor-field-label\">Hier k\u00f6nnen Sie Ihre Bewerbungsunterlagen als PDF hochladen. (Max. 5MB | 5 Dateien)<\/label><input type=\"file\" name=\"form_fields[field_360a334][]\" id=\"form-field-field_360a334\" class=\"elementor-field elementor-size-md  elementor-upload-field\" required=\"required\" aria-required=\"true\" multiple=\"multiple\" data-maxsize=\"5\" data-maxsize-message=\"This file exceeds the maximum allowed size.\">\t\t\t\t<\/div>\n\t\t\t\t\t\t\t\t<div class=\"elementor-field-type-acceptance elementor-field-group elementor-column elementor-field-group-field_d4f1283 elementor-col-100 elementor-field-required\">\n\t\t\t\t\t<label for=\"form-field-field_d4f1283\" class=\"elementor-field-label\">Datenschutz<\/label><div class=\"elementor-field-subgroup\"><span class=\"elementor-field-option\"><input type=\"checkbox\" name=\"form_fields[field_d4f1283]\" id=\"form-field-field_d4f1283\" class=\"elementor-field elementor-size-md  elementor-acceptance-field\" required=\"required\" aria-required=\"true\"> <label for=\"form-field-field_d4f1283\">Mit dem Absenden des Bewerbungsformulars sind Sie mit unseren Datenschutzbestimmungen einverstanden.<\/label><\/span><\/div>\t\t\t\t<\/div>\n\t\t\t\t\t\t\t\t<div class=\"elementor-field-group elementor-column elementor-field-type-submit elementor-col-100 e-form__buttons\">\n\t\t\t\t\t<button type=\"submit\" class=\"elementor-button elementor-size-md\">\n\t\t\t\t\t\t<span >\n\t\t\t\t\t\t\t\t\t\t\t\t\t\t\t<span class=\"elementor-align-icon-left elementor-button-icon\">\n\t\t\t\t\t\t\t\t\t<i aria-hidden=\"true\" class=\"fas fa-arrow-alt-circle-right\"><\/i>\t\t\t\t\t\t\t\t\t\t\t\t\t\t\t\t\t<\/span>\n\t\t\t\t\t\t\t\t\t\t\t\t\t\t\t\t\t\t\t\t\t\t<span class=\"elementor-button-text\">Senden<\/span>\n\t\t\t\t\t\t\t\t\t\t\t\t\t<\/span>\n\t\t\t\t\t<\/button>\n\t\t\t\t<\/div>\n\t\t\t<\/div>\n\t\t<\/form>\n\t\t\t\t<\/div>\n\t\t\t\t<\/div>\n\t\t\t\t\t<\/div>\n\t\t<\/div>\n\t\t\t\t\t\t\t<\/div>\n\t\t<\/section>\n\t\t\t\t<section class=\"elementor-section elementor-top-section elementor-element elementor-element-74061a3 elementor-section-boxed elementor-section-height-default elementor-section-height-default\" data-id=\"74061a3\" data-element_type=\"section\">\n\t\t\t\t\t\t<div class=\"elementor-container elementor-column-gap-default\">\n\t\t\t\t\t<div class=\"elementor-column elementor-col-100 elementor-top-column elementor-element elementor-element-34d06c5\" data-id=\"34d06c5\" data-element_type=\"column\">\n\t\t\t<div class=\"elementor-widget-wrap\">\n\t\t\t\t\t\t\t\t\t<\/div>\n\t\t<\/div>\n\t\t\t\t\t\t\t<\/div>\n\t\t<\/section>\n\t\t\t\t\t\t\t<\/div>\n\t\t","protected":false},"excerpt":{"rendered":"<p>Online Bewerbung Auf der Suche? Ob Student, Berufsanf\u00e4nger, erfahrene Fach- und F\u00fchrungskraft oder Wiedereinsteiger: In unserer Stellenb\u00f6rse finden Sie Jobs in allen Branchen und Qualifikationsstufen. Au\u00dferdem helfen wir Ihnen auch pers\u00f6nlich bei der Suche, denn als achtsame Personaldienstleister ist es uns wichtig, dass Unternehmen und Mitarbeitende zusammenpassen. Sprechen Sie mit uns \u00fcber Ihre Bed\u00fcrfnisse. Denn&hellip; <a class=\"more-link\" href=\"https:\/\/evolvework.de\/?page_id=362\"><span class=\"screen-reader-text\">Online Bewerbung<\/span> weiterlesen<\/a><\/p>\n","protected":false},"author":2,"featured_media":0,"parent":0,"menu_order":0,"comment_status":"closed","ping_status":"closed","template":"elementor_header_footer","meta":{"_acf_changed":false,"footnotes":""},"class_list":["post-362","page","type-page","status-publish","hentry","entry"],"acf":[],"yoast_head":"<title>Online Bewerbung - Evolve Work<\/title>\n<meta name=\"description\" content=\"Du bist auf der Suche? Unser Herzensanliegen ist es, das Unternehmen und Mitarbeiter zusammenpassen und das Mindful-Health-Mindset stimmt.\" \/>\n<meta name=\"robots\" content=\"index, follow, max-snippet:-1, max-image-preview:large, max-video-preview:-1\" \/>\n<link rel=\"canonical\" href=\"https:\/\/evolvework.de\/?page_id=362\" \/>\n<meta property=\"og:locale\" content=\"de_DE\" \/>\n<meta property=\"og:type\" content=\"article\" \/>\n<meta property=\"og:title\" content=\"Online Bewerbung - Evolve Work\" \/>\n<meta property=\"og:description\" content=\"Du bist auf der Suche? Unser Herzensanliegen ist es, das Unternehmen und Mitarbeiter zusammenpassen und das Mindful-Health-Mindset stimmt.\" \/>\n<meta property=\"og:url\" content=\"https:\/\/evolvework.de\/?page_id=362\" \/>\n<meta property=\"og:site_name\" content=\"Evolve Work\" \/>\n<meta property=\"article:modified_time\" content=\"2025-07-19T23:27:33+00:00\" \/>\n<meta name=\"twitter:card\" content=\"summary_large_image\" \/>\n<meta name=\"twitter:label1\" content=\"Gesch\u00e4tzte Lesezeit\" \/>\n\t<meta name=\"twitter:data1\" content=\"2\u00a0Minuten\" \/>\n<script type=\"application\/ld+json\" class=\"yoast-schema-graph\">{\"@context\":\"https:\/\/schema.org\",\"@graph\":[{\"@type\":\"WebPage\",\"@id\":\"https:\/\/evolvework.de\/?page_id=362\",\"url\":\"https:\/\/evolvework.de\/?page_id=362\",\"name\":\"Online Bewerbung - Evolve Work\",\"isPartOf\":{\"@id\":\"https:\/\/evolvework.de\/#website\"},\"datePublished\":\"2021-10-12T19:56:40+00:00\",\"dateModified\":\"2025-07-19T23:27:33+00:00\",\"description\":\"Du bist auf der Suche? Unser Herzensanliegen ist es, das Unternehmen und Mitarbeiter zusammenpassen und das Mindful-Health-Mindset stimmt.\",\"breadcrumb\":{\"@id\":\"https:\/\/evolvework.de\/?page_id=362#breadcrumb\"},\"inLanguage\":\"de\",\"potentialAction\":[{\"@type\":\"ReadAction\",\"target\":[\"https:\/\/evolvework.de\/?page_id=362\"]}]},{\"@type\":\"BreadcrumbList\",\"@id\":\"https:\/\/evolvework.de\/?page_id=362#breadcrumb\",\"itemListElement\":[{\"@type\":\"ListItem\",\"position\":1,\"name\":\"Startseite\",\"item\":\"https:\/\/evolvework.de\/\"},{\"@type\":\"ListItem\",\"position\":2,\"name\":\"Online Bewerbung\"}]},{\"@type\":\"WebSite\",\"@id\":\"https:\/\/evolvework.de\/#website\",\"url\":\"https:\/\/evolvework.de\/\",\"name\":\"Evolve Work\",\"description\":\"Mindful Personalservices\",\"publisher\":{\"@id\":\"https:\/\/evolvework.de\/#organization\"},\"potentialAction\":[{\"@type\":\"SearchAction\",\"target\":{\"@type\":\"EntryPoint\",\"urlTemplate\":\"https:\/\/evolvework.de\/?s={search_term_string}\"},\"query-input\":{\"@type\":\"PropertyValueSpecification\",\"valueRequired\":true,\"valueName\":\"search_term_string\"}}],\"inLanguage\":\"de\"},{\"@type\":\"Organization\",\"@id\":\"https:\/\/evolvework.de\/#organization\",\"name\":\"Evolve Work\",\"url\":\"https:\/\/evolvework.de\/\",\"logo\":{\"@type\":\"ImageObject\",\"inLanguage\":\"de\",\"@id\":\"https:\/\/evolvework.de\/#\/schema\/logo\/image\/\",\"url\":\"https:\/\/evolvework.de\/wp-content\/uploads\/2021\/10\/cropped-cropped-Originalgro\u0308sse-Evolve-Work-1.png\",\"contentUrl\":\"https:\/\/evolvework.de\/wp-content\/uploads\/2021\/10\/cropped-cropped-Originalgro\u0308sse-Evolve-Work-1.png\",\"width\":500,\"height\":229,\"caption\":\"Evolve Work\"},\"image\":{\"@id\":\"https:\/\/evolvework.de\/#\/schema\/logo\/image\/\"}}]}<\/script>","yoast_head_json":{"title":"Online Bewerbung - Evolve Work","description":"Du bist auf der Suche? Unser Herzensanliegen ist es, das Unternehmen und Mitarbeiter zusammenpassen und das Mindful-Health-Mindset stimmt.","robots":{"index":"index","follow":"follow","max-snippet":"max-snippet:-1","max-image-preview":"max-image-preview:large","max-video-preview":"max-video-preview:-1"},"canonical":"https:\/\/evolvework.de\/?page_id=362","og_locale":"de_DE","og_type":"article","og_title":"Online Bewerbung - Evolve Work","og_description":"Du bist auf der Suche? Unser Herzensanliegen ist es, das Unternehmen und Mitarbeiter zusammenpassen und das Mindful-Health-Mindset stimmt.","og_url":"https:\/\/evolvework.de\/?page_id=362","og_site_name":"Evolve Work","article_modified_time":"2025-07-19T23:27:33+00:00","twitter_card":"summary_large_image","twitter_misc":{"Gesch\u00e4tzte Lesezeit":"2\u00a0Minuten"},"schema":{"@context":"https:\/\/schema.org","@graph":[{"@type":"WebPage","@id":"https:\/\/evolvework.de\/?page_id=362","url":"https:\/\/evolvework.de\/?page_id=362","name":"Online Bewerbung - Evolve Work","isPartOf":{"@id":"https:\/\/evolvework.de\/#website"},"datePublished":"2021-10-12T19:56:40+00:00","dateModified":"2025-07-19T23:27:33+00:00","description":"Du bist auf der Suche? Unser Herzensanliegen ist es, das Unternehmen und Mitarbeiter zusammenpassen und das Mindful-Health-Mindset stimmt.","breadcrumb":{"@id":"https:\/\/evolvework.de\/?page_id=362#breadcrumb"},"inLanguage":"de","potentialAction":[{"@type":"ReadAction","target":["https:\/\/evolvework.de\/?page_id=362"]}]},{"@type":"BreadcrumbList","@id":"https:\/\/evolvework.de\/?page_id=362#breadcrumb","itemListElement":[{"@type":"ListItem","position":1,"name":"Startseite","item":"https:\/\/evolvework.de\/"},{"@type":"ListItem","position":2,"name":"Online Bewerbung"}]},{"@type":"WebSite","@id":"https:\/\/evolvework.de\/#website","url":"https:\/\/evolvework.de\/","name":"Evolve Work","description":"Mindful Personalservices","publisher":{"@id":"https:\/\/evolvework.de\/#organization"},"potentialAction":[{"@type":"SearchAction","target":{"@type":"EntryPoint","urlTemplate":"https:\/\/evolvework.de\/?s={search_term_string}"},"query-input":{"@type":"PropertyValueSpecification","valueRequired":true,"valueName":"search_term_string"}}],"inLanguage":"de"},{"@type":"Organization","@id":"https:\/\/evolvework.de\/#organization","name":"Evolve Work","url":"https:\/\/evolvework.de\/","logo":{"@type":"ImageObject","inLanguage":"de","@id":"https:\/\/evolvework.de\/#\/schema\/logo\/image\/","url":"https:\/\/evolvework.de\/wp-content\/uploads\/2021\/10\/cropped-cropped-Originalgro\u0308sse-Evolve-Work-1.png","contentUrl":"https:\/\/evolvework.de\/wp-content\/uploads\/2021\/10\/cropped-cropped-Originalgro\u0308sse-Evolve-Work-1.png","width":500,"height":229,"caption":"Evolve Work"},"image":{"@id":"https:\/\/evolvework.de\/#\/schema\/logo\/image\/"}}]}},"_links":{"self":[{"href":"https:\/\/evolvework.de\/index.php?rest_route=\/wp\/v2\/pages\/362","targetHints":{"allow":["GET"]}}],"collection":[{"href":"https:\/\/evolvework.de\/index.php?rest_route=\/wp\/v2\/pages"}],"about":[{"href":"https:\/\/evolvework.de\/index.php?rest_route=\/wp\/v2\/types\/page"}],"author":[{"embeddable":true,"href":"https:\/\/evolvework.de\/index.php?rest_route=\/wp\/v2\/users\/2"}],"replies":[{"embeddable":true,"href":"https:\/\/evolvework.de\/index.php?rest_route=%2Fwp%2Fv2%2Fcomments&post=362"}],"version-history":[{"count":3,"href":"https:\/\/evolvework.de\/index.php?rest_route=\/wp\/v2\/pages\/362\/revisions"}],"predecessor-version":[{"id":812,"href":"https:\/\/evolvework.de\/index.php?rest_route=\/wp\/v2\/pages\/362\/revisions\/812"}],"wp:attachment":[{"href":"https:\/\/evolvework.de\/index.php?rest_route=%2Fwp%2Fv2%2Fmedia&parent=362"}],"curies":[{"name":"wp","href":"https:\/\/api.w.org\/{rel}","templated":true}]}}