{"id":404,"date":"2021-10-15T08:11:58","date_gmt":"2021-10-15T08:11:58","guid":{"rendered":"https:\/\/evolvework.de\/?page_id=404"},"modified":"2021-12-13T09:43:52","modified_gmt":"2021-12-13T09:43:52","slug":"impressum","status":"publish","type":"page","link":"https:\/\/evolvework.de\/?page_id=404","title":{"rendered":"Impressum"},"content":{"rendered":"\t\t<div data-elementor-type=\"wp-page\" data-elementor-id=\"404\" class=\"elementor elementor-404\">\n\t\t\t\t\t\t\t\t\t<section class=\"elementor-section elementor-top-section elementor-element elementor-element-bc8fa46 elementor-section-boxed elementor-section-height-default elementor-section-height-default\" data-id=\"bc8fa46\" data-element_type=\"section\">\n\t\t\t\t\t\t<div class=\"elementor-container elementor-column-gap-default\">\n\t\t\t\t\t<div class=\"elementor-column elementor-col-100 elementor-top-column elementor-element elementor-element-80e1151\" data-id=\"80e1151\" data-element_type=\"column\">\n\t\t\t<div class=\"elementor-widget-wrap elementor-element-populated\">\n\t\t\t\t\t\t\t\t<div class=\"elementor-element elementor-element-a620113 elementor-widget elementor-widget-spacer\" data-id=\"a620113\" data-element_type=\"widget\" data-widget_type=\"spacer.default\">\n\t\t\t\t<div class=\"elementor-widget-container\">\n\t\t\t\t\t<div class=\"elementor-spacer\">\n\t\t\t<div class=\"elementor-spacer-inner\"><\/div>\n\t\t<\/div>\n\t\t\t\t<\/div>\n\t\t\t\t<\/div>\n\t\t\t\t\t<\/div>\n\t\t<\/div>\n\t\t\t\t\t\t\t<\/div>\n\t\t<\/section>\n\t\t\t\t<section class=\"elementor-section elementor-top-section elementor-element elementor-element-20af560 elementor-section-boxed elementor-section-height-default elementor-section-height-default\" data-id=\"20af560\" data-element_type=\"section\">\n\t\t\t\t\t\t<div class=\"elementor-container elementor-column-gap-default\">\n\t\t\t\t\t<div class=\"elementor-column elementor-col-100 elementor-top-column elementor-element elementor-element-bb7e0c7\" data-id=\"bb7e0c7\" data-element_type=\"column\">\n\t\t\t<div class=\"elementor-widget-wrap elementor-element-populated\">\n\t\t\t\t\t\t\t\t<div class=\"elementor-element elementor-element-18ce330 elementor-widget elementor-widget-text-editor\" data-id=\"18ce330\" data-element_type=\"widget\" data-widget_type=\"text-editor.default\">\n\t\t\t\t<div class=\"elementor-widget-container\">\n\t\t\t\t\t\t\t<h2>Impressum<\/h2><p>Verantwortlich f\u00fcr den Inhalt: relevand GmbH &amp; Co. KG, HRA 204700 Hannover, Ust-ID Nr.: DE 315038212<br \/>Pers\u00f6nlich haftender Gesellschafter: relevand verwaltungs GmbH, Gerichtsstand: HRB 217772 Hannover, Gesch\u00e4ftsf\u00fchrer: Reinhard Krapf<br \/>Heinrich-Goebel-Str. 5 \u2022 30989 Gehrden<br \/>Tel.: +49\u2009(0)\u20095108 9234050 \u2022 E-Mail: info@relevand.de<\/p><p>Design &amp; Realisierung:\u00a0<a href=\"http:\/\/www.suchbar.at\">www.suchbar.at<\/a><\/p><p>Fotos:\u00a0<a href=\"http:\/\/www.unsplash.com\">Unsplash<\/a><\/p><h4>\u00a0<\/h4><h3>Haftung f\u00fcr Inhalte<\/h3><p>Die Informationen auf dieser Website wurden mit gr\u00f6\u00dftm\u00f6glicher Sorgfalt recherchiert und erstellt. Eine Gew\u00e4hr f\u00fcr die Richtigkeit und Aktualit\u00e4t der Informationen kann jedoch nicht \u00fcbernommen werden. Als Diensteanbieter sind wir gem\u00e4\u00df \u00a7 7 Abs.1 TMG f\u00fcr eigene Inhalte auf diesen Seiten nach den allgemeinen Gesetzen verantwortlich. Nach \u00a7\u00a7 8 bis 10 TMG sind wir als Diensteanbieter jedoch nicht verpflichtet, \u00fcbermittelte oder gespeicherte fremde Informationen zu \u00fcberwachen oder nach Umst\u00e4nden zu forschen, die auf eine rechtswidrige T\u00e4tigkeit hinweisen. Verpflichtungen zur Entfernung oder Sperrung der Nutzung von Informationen nach den allgemeinen Gesetzen bleiben hiervon unber\u00fchrt. Eine diesbez\u00fcgliche Haftung ist jedoch erst ab dem Zeitpunkt der Kenntnis einer konkreten Rechtsverletzung m\u00f6glich. Bei Bekanntwerden von entsprechenden Rechtsverletzungen werden wir diese Inhalte umgehend entfernen.<\/p><h4>\u00a0<\/h4><h3>Haftung f\u00fcr Links<\/h3><p>Unser Angebot enth\u00e4lt Links zu externen Webseiten Dritter, auf deren Inhalte wir keinen Einfluss haben. Deshalb k\u00f6nnen wir f\u00fcr diese fremden Inhalte auch keine Gew\u00e4hr \u00fcbernehmen. F\u00fcr die Inhalte der verlinkten Seiten ist stets der jeweilige Anbieter oder Betreiber der Seiten verantwortlich. Die verlinkten Seiten wurden zum Zeitpunkt der Verlinkung auf m\u00f6gliche Rechtsverst\u00f6\u00dfe \u00fcberpr\u00fcft. Rechtswidrige Inhalte waren zum Zeitpunkt der Verlinkung nicht erkennbar. Eine permanente inhaltliche Kontrolle der verlinkten Seiten ist jedoch ohne konkrete Anhaltspunkte einer Rechtsverletzung nicht zumutbar. Bei Bekanntwerden von Rechtsverletzungen werden wir derartige Links umgehend entfernen.<\/p><h4>\u00a0<\/h4><h3>Urheberrecht<\/h3><p>Die durch die Seitenbetreiber erstellten Inhalte und Werke auf diesen Seiten unterliegen dem deutschen Urheberrecht. Die Vervielf\u00e4ltigung, Bearbeitung, Verbreitung und jede Art der Verwertung au\u00dferhalb der Grenzen des Urheberrechtes bed\u00fcrfen der schriftlichen Zustimmung des jeweiligen Autors bzw. Erstellers. Downloads und Kopien dieser Seite sind nur f\u00fcr den privaten, nicht kommerziellen Gebrauch gestattet. Soweit die Inhalte auf dieser Seite nicht vom Betreiber erstellt wurden, werden die Urheberrechte Dritter beachtet. Insbesondere werden Inhalte Dritter als solche gekennzeichnet. Sollten Sie trotzdem auf eine Urheberrechtsverletzung aufmerksam werden, bitten wir um einen entsprechenden Hinweis. Bei Bekanntwerden von Rechtsverletzungen werden wir derartige Inhalte umgehend entfernen.<\/p><h4>\u00a0<\/h4><h3>Widerspruch Werbe-Mails<\/h3><p>Der Nutzung von im Rahmen der Impressumspflicht ver\u00f6ffentlichten Kontaktdaten zur \u00dcbersendung von nicht ausdr\u00fccklich angeforderter Werbung und Informationsmaterialien wird hiermit widersprochen. Die Betreiber der Seiten behalten sich ausdr\u00fccklich rechtliche Schritte im Falle der unverlangten Zusendung von Werbeinformationen, etwa durch Spam-E-Mails, vor.<\/p><p>Diese Erkl\u00e4rung ist ohne Unterschrift g\u00fcltig![MW1]<\/p>\t\t\t\t\t\t<\/div>\n\t\t\t\t<\/div>\n\t\t\t\t\t<\/div>\n\t\t<\/div>\n\t\t\t\t\t\t\t<\/div>\n\t\t<\/section>\n\t\t\t\t\t\t\t<\/div>\n\t\t","protected":false},"excerpt":{"rendered":"<p>Impressum Verantwortlich f\u00fcr den Inhalt: relevand GmbH &amp; Co. KG, HRA 204700 Hannover, Ust-ID Nr.: DE 315038212Pers\u00f6nlich haftender Gesellschafter: relevand verwaltungs GmbH, Gerichtsstand: HRB 217772 Hannover, Gesch\u00e4ftsf\u00fchrer: Reinhard KrapfHeinrich-Goebel-Str. 5 \u2022 30989 GehrdenTel.: +49\u2009(0)\u20095108 9234050 \u2022 E-Mail: info@relevand.de Design &amp; Realisierung:\u00a0www.suchbar.at Fotos:\u00a0Unsplash \u00a0 Haftung f\u00fcr Inhalte Die Informationen auf dieser Website wurden mit gr\u00f6\u00dftm\u00f6glicher Sorgfalt&hellip; <a class=\"more-link\" href=\"https:\/\/evolvework.de\/?page_id=404\"><span class=\"screen-reader-text\">Impressum<\/span> weiterlesen<\/a><\/p>\n","protected":false},"author":2,"featured_media":0,"parent":0,"menu_order":0,"comment_status":"closed","ping_status":"closed","template":"elementor_header_footer","meta":{"_acf_changed":false,"footnotes":""},"class_list":["post-404","page","type-page","status-publish","hentry","entry"],"acf":[],"yoast_head":"<title>Impressum - Evolve Work<\/title>\n<meta name=\"description\" content=\"EVOLVE WORK unterst\u00fctzt KMU bei der Suche von Personal, Interim-Managern und vermittelt Zeitarbeitskr\u00e4fte.\" \/>\n<meta name=\"robots\" content=\"noindex, follow\" \/>\n<meta property=\"og:locale\" content=\"de_DE\" \/>\n<meta property=\"og:type\" content=\"article\" \/>\n<meta property=\"og:title\" content=\"Impressum - Evolve Work\" \/>\n<meta property=\"og:description\" content=\"EVOLVE WORK unterst\u00fctzt KMU bei der Suche von Personal, Interim-Managern und vermittelt Zeitarbeitskr\u00e4fte.\" \/>\n<meta property=\"og:url\" content=\"https:\/\/evolvework.de\/?page_id=404\" \/>\n<meta property=\"og:site_name\" content=\"Evolve Work\" \/>\n<meta property=\"article:modified_time\" content=\"2021-12-13T09:43:52+00:00\" \/>\n<meta name=\"twitter:card\" content=\"summary_large_image\" \/>\n<meta name=\"twitter:label1\" content=\"Gesch\u00e4tzte Lesezeit\" \/>\n\t<meta name=\"twitter:data1\" content=\"2\u00a0Minuten\" \/>\n<script type=\"application\/ld+json\" class=\"yoast-schema-graph\">{\"@context\":\"https:\/\/schema.org\",\"@graph\":[{\"@type\":\"WebPage\",\"@id\":\"https:\/\/evolvework.de\/?page_id=404\",\"url\":\"https:\/\/evolvework.de\/?page_id=404\",\"name\":\"Impressum - Evolve Work\",\"isPartOf\":{\"@id\":\"https:\/\/evolvework.de\/#website\"},\"datePublished\":\"2021-10-15T08:11:58+00:00\",\"dateModified\":\"2021-12-13T09:43:52+00:00\",\"description\":\"EVOLVE WORK unterst\u00fctzt KMU bei der Suche von Personal, Interim-Managern und vermittelt Zeitarbeitskr\u00e4fte.\",\"breadcrumb\":{\"@id\":\"https:\/\/evolvework.de\/?page_id=404#breadcrumb\"},\"inLanguage\":\"de\",\"potentialAction\":[{\"@type\":\"ReadAction\",\"target\":[\"https:\/\/evolvework.de\/?page_id=404\"]}]},{\"@type\":\"BreadcrumbList\",\"@id\":\"https:\/\/evolvework.de\/?page_id=404#breadcrumb\",\"itemListElement\":[{\"@type\":\"ListItem\",\"position\":1,\"name\":\"Startseite\",\"item\":\"https:\/\/evolvework.de\/\"},{\"@type\":\"ListItem\",\"position\":2,\"name\":\"Impressum\"}]},{\"@type\":\"WebSite\",\"@id\":\"https:\/\/evolvework.de\/#website\",\"url\":\"https:\/\/evolvework.de\/\",\"name\":\"Evolve Work\",\"description\":\"Mindful Personalservices\",\"publisher\":{\"@id\":\"https:\/\/evolvework.de\/#organization\"},\"potentialAction\":[{\"@type\":\"SearchAction\",\"target\":{\"@type\":\"EntryPoint\",\"urlTemplate\":\"https:\/\/evolvework.de\/?s={search_term_string}\"},\"query-input\":{\"@type\":\"PropertyValueSpecification\",\"valueRequired\":true,\"valueName\":\"search_term_string\"}}],\"inLanguage\":\"de\"},{\"@type\":\"Organization\",\"@id\":\"https:\/\/evolvework.de\/#organization\",\"name\":\"Evolve Work\",\"url\":\"https:\/\/evolvework.de\/\",\"logo\":{\"@type\":\"ImageObject\",\"inLanguage\":\"de\",\"@id\":\"https:\/\/evolvework.de\/#\/schema\/logo\/image\/\",\"url\":\"https:\/\/evolvework.de\/wp-content\/uploads\/2021\/10\/cropped-cropped-Originalgro\u0308sse-Evolve-Work-1.png\",\"contentUrl\":\"https:\/\/evolvework.de\/wp-content\/uploads\/2021\/10\/cropped-cropped-Originalgro\u0308sse-Evolve-Work-1.png\",\"width\":500,\"height\":229,\"caption\":\"Evolve Work\"},\"image\":{\"@id\":\"https:\/\/evolvework.de\/#\/schema\/logo\/image\/\"}}]}<\/script>","yoast_head_json":{"title":"Impressum - Evolve Work","description":"EVOLVE WORK unterst\u00fctzt KMU bei der Suche von Personal, Interim-Managern und vermittelt Zeitarbeitskr\u00e4fte.","robots":{"index":"noindex","follow":"follow"},"og_locale":"de_DE","og_type":"article","og_title":"Impressum - Evolve Work","og_description":"EVOLVE WORK unterst\u00fctzt KMU bei der Suche von Personal, Interim-Managern und vermittelt Zeitarbeitskr\u00e4fte.","og_url":"https:\/\/evolvework.de\/?page_id=404","og_site_name":"Evolve Work","article_modified_time":"2021-12-13T09:43:52+00:00","twitter_card":"summary_large_image","twitter_misc":{"Gesch\u00e4tzte Lesezeit":"2\u00a0Minuten"},"schema":{"@context":"https:\/\/schema.org","@graph":[{"@type":"WebPage","@id":"https:\/\/evolvework.de\/?page_id=404","url":"https:\/\/evolvework.de\/?page_id=404","name":"Impressum - Evolve Work","isPartOf":{"@id":"https:\/\/evolvework.de\/#website"},"datePublished":"2021-10-15T08:11:58+00:00","dateModified":"2021-12-13T09:43:52+00:00","description":"EVOLVE WORK unterst\u00fctzt KMU bei der Suche von Personal, Interim-Managern und vermittelt Zeitarbeitskr\u00e4fte.","breadcrumb":{"@id":"https:\/\/evolvework.de\/?page_id=404#breadcrumb"},"inLanguage":"de","potentialAction":[{"@type":"ReadAction","target":["https:\/\/evolvework.de\/?page_id=404"]}]},{"@type":"BreadcrumbList","@id":"https:\/\/evolvework.de\/?page_id=404#breadcrumb","itemListElement":[{"@type":"ListItem","position":1,"name":"Startseite","item":"https:\/\/evolvework.de\/"},{"@type":"ListItem","position":2,"name":"Impressum"}]},{"@type":"WebSite","@id":"https:\/\/evolvework.de\/#website","url":"https:\/\/evolvework.de\/","name":"Evolve Work","description":"Mindful Personalservices","publisher":{"@id":"https:\/\/evolvework.de\/#organization"},"potentialAction":[{"@type":"SearchAction","target":{"@type":"EntryPoint","urlTemplate":"https:\/\/evolvework.de\/?s={search_term_string}"},"query-input":{"@type":"PropertyValueSpecification","valueRequired":true,"valueName":"search_term_string"}}],"inLanguage":"de"},{"@type":"Organization","@id":"https:\/\/evolvework.de\/#organization","name":"Evolve Work","url":"https:\/\/evolvework.de\/","logo":{"@type":"ImageObject","inLanguage":"de","@id":"https:\/\/evolvework.de\/#\/schema\/logo\/image\/","url":"https:\/\/evolvework.de\/wp-content\/uploads\/2021\/10\/cropped-cropped-Originalgro\u0308sse-Evolve-Work-1.png","contentUrl":"https:\/\/evolvework.de\/wp-content\/uploads\/2021\/10\/cropped-cropped-Originalgro\u0308sse-Evolve-Work-1.png","width":500,"height":229,"caption":"Evolve Work"},"image":{"@id":"https:\/\/evolvework.de\/#\/schema\/logo\/image\/"}}]}},"_links":{"self":[{"href":"https:\/\/evolvework.de\/index.php?rest_route=\/wp\/v2\/pages\/404","targetHints":{"allow":["GET"]}}],"collection":[{"href":"https:\/\/evolvework.de\/index.php?rest_route=\/wp\/v2\/pages"}],"about":[{"href":"https:\/\/evolvework.de\/index.php?rest_route=\/wp\/v2\/types\/page"}],"author":[{"embeddable":true,"href":"https:\/\/evolvework.de\/index.php?rest_route=\/wp\/v2\/users\/2"}],"replies":[{"embeddable":true,"href":"https:\/\/evolvework.de\/index.php?rest_route=%2Fwp%2Fv2%2Fcomments&post=404"}],"version-history":[{"count":0,"href":"https:\/\/evolvework.de\/index.php?rest_route=\/wp\/v2\/pages\/404\/revisions"}],"wp:attachment":[{"href":"https:\/\/evolvework.de\/index.php?rest_route=%2Fwp%2Fv2%2Fmedia&parent=404"}],"curies":[{"name":"wp","href":"https:\/\/api.w.org\/{rel}","templated":true}]}}